{"id":3711,"date":"2023-07-05T09:28:41","date_gmt":"2023-07-05T15:28:41","guid":{"rendered":"https:\/\/francolingo.com\/?page_id=3711"},"modified":"2024-03-27T13:11:25","modified_gmt":"2024-03-27T19:11:25","slug":"faq","status":"publish","type":"page","link":"https:\/\/francolingo.com\/en\/faq\/","title":{"rendered":"FAQ"},"content":{"rendered":"<p>[et_pb_section fb_built=&#8221;1&#8243; _builder_version=&#8221;4.21.0&#8243; _module_preset=&#8221;default&#8221; da_disable_devices=&#8221;off|off|off&#8221; global_colors_info=&#8221;{}&#8221; da_is_popup=&#8221;off&#8221; da_exit_intent=&#8221;off&#8221; da_has_close=&#8221;on&#8221; da_alt_close=&#8221;off&#8221; da_dark_close=&#8221;off&#8221; da_not_modal=&#8221;on&#8221; da_is_singular=&#8221;off&#8221; da_with_loader=&#8221;off&#8221; da_has_shadow=&#8221;on&#8221;][et_pb_row column_structure=&#8221;1_3,2_3&#8243; _builder_version=&#8221;4.21.0&#8243; _module_preset=&#8221;default&#8221; global_colors_info=&#8221;{}&#8221;][et_pb_column type=&#8221;1_3&#8243; _builder_version=&#8221;4.21.0&#8243; _module_preset=&#8221;default&#8221; global_colors_info=&#8221;{}&#8221;][et_pb_text _builder_version=&#8221;4.24.2&#8243; _module_preset=&#8221;default&#8221; link_font=&#8221;EB Garamond||||||||&#8221; link_text_color=&#8221;#1D2530&#8243; link_font_size=&#8221;18px&#8221; hover_enabled=&#8221;0&#8243; sticky_position_tablet=&#8221;top&#8221; sticky_position_phone=&#8221;none&#8221; sticky_position_last_edited=&#8221;on|desktop&#8221; global_colors_info=&#8221;{}&#8221; sticky_enabled=&#8221;0&#8243;]<\/p>\n<p><a href=\"#niveles\"><span class=\"WdYUQQ text-decoration-none text-strikethrough-none\">\u00bfQu\u00e9 niveles se ofrecen?<\/span><\/a><\/p>\n<p><a href=\"#duracionclases\"><span class=\"WdYUQQ text-decoration-none text-strikethrough-none\">\u00bfCu\u00e1nto duran las clases en l\u00ednea?<\/span><\/a><\/p>\n<p><a href=\"#duracionmodulo\"><span class=\"WdYUQQ text-decoration-none text-strikethrough-none\">\u00bfCu\u00e1nto dura un m\u00f3dulo?<\/span><\/a><\/p>\n<p><span class=\"WdYUQQ text-decoration-none text-strikethrough-none\"><a href=\"#cuantosmodulos\">\u00bfCu\u00e1ntos m\u00f3dulos de formaci\u00f3n hay en <\/a><a href=\"#duracionprograma\">todo el programa<\/a><a href=\"#cuantosmodulos\">?<\/a><\/span><\/p>\n<p><a href=\"#vivo\"><span class=\"WdYUQQ text-decoration-none text-strikethrough-none\">\u00bfLas clases se imparten en vivo?<\/span><\/a><\/p>\n<p><a href=\"#profnativo\">\u00bfEl profesor es nativo?<\/a><\/p>\n<p><a href=\"#numparticipantes\">\u00bfCu\u00e1l es el n\u00famero m\u00e1ximo de participantes?<\/a><\/p>\n<p><a href=\"#mcer\">\u00bfQu\u00e9 es el MCER?<\/a><\/p>\n<p><a href=\"#delf\">\u00bfQu\u00e9 es el DELF?<\/a><\/p>\n<p><a href=\"#edad\">\u00bfA qu\u00e9 edad puedo matricularme?<\/a><\/p>\n<p><a href=\"#competencias\">\u00bfQu\u00e9 competencias adquirir\u00e9 durante el curso?<\/a><\/p>\n<p><a href=\"#objetivo\">\u00bfCu\u00e1l es el objetivo principal del curso?<\/a><\/p>\n<p><a href=\"#requisitos\">\u00bfHay requisitos para participar?<\/a><\/p>\n<p><a href=\"#evaluacionformativa\">\u00bfC\u00f3mo se realiza la evaluaci\u00f3n formativa?<\/a><\/p>\n<p><a href=\"#evaluacionfinal\">\u00bfC\u00f3mo se realiza la evaluaci\u00f3n final?<\/a><\/p>\n<p><a href=\"#horarios\">\u00bfSon fijos los horarios de las clases?<\/a><\/p>\n<p><a href=\"#equipo\">\u00bfQu\u00e9 equipo necesito para impartir la clase?<\/a><\/p>\n<p>[\/et_pb_text][\/et_pb_column][et_pb_column type=&#8221;2_3&#8243; _builder_version=&#8221;4.21.0&#8243; _module_preset=&#8221;default&#8221; global_colors_info=&#8221;{}&#8221;][et_pb_text module_id=&#8221;niveles&#8221; _builder_version=&#8221;4.21.0&#8243; _module_preset=&#8221;default&#8221; text_font_size=&#8221;18px&#8221; header_4_font=&#8221;EB Garamond||||||||&#8221; header_4_font_size=&#8221;24px&#8221; global_colors_info=&#8221;{}&#8221; admin_label=&#8221;Niveles&#8221;]<\/p>\n<h4><span class=\"WdYUQQ text-decoration-none text-strikethrough-none\">\u00bfQu\u00e9 niveles se ofrecen?<\/span><\/h4>\n<p><span class=\"WdYUQQ text-decoration-none text-strikethrough-none\">Ofrecemos cursos de franc\u00e9s en l\u00ednea para los niveles principiante (A1), elemental (A2), intermedio (B1) y avanzado (B2).<\/span><\/p>\n<p>[\/et_pb_text][et_pb_divider color=&#8221;#E0E9EB&#8221; _builder_version=&#8221;4.24.2&#8243; _module_preset=&#8221;default&#8221; hover_enabled=&#8221;0&#8243; global_colors_info=&#8221;{}&#8221; admin_label=&#8221;Divider&#8221; sticky_enabled=&#8221;0&#8243;][\/et_pb_divider][et_pb_text module_id=&#8221;duracionclases&#8221; _builder_version=&#8221;4.24.2&#8243; _module_preset=&#8221;default&#8221; text_font_size=&#8221;18px&#8221; header_4_font=&#8221;EB Garamond||||||||&#8221; header_4_font_size=&#8221;24px&#8221; hover_enabled=&#8221;0&#8243; global_colors_info=&#8221;{}&#8221; admin_label=&#8221;Duracion clases&#8221; sticky_enabled=&#8221;0&#8243;]<\/p>\n<h4><span class=\"WdYUQQ text-decoration-none text-strikethrough-none\">\u00bfCu\u00e1nto duran las clases en l\u00ednea?<\/span><\/h4>\n<p><span class=\"WdYUQQ text-decoration-none text-strikethrough-none\">Nuestras clases en l\u00ednea duran generalmente 2 horas cada semana. Esto te permite mantener un progreso regular a la vez que se adapta a tu apretada agenda.<\/span><\/p>\n<p>[\/et_pb_text][et_pb_divider color=&#8221;#E0E9EB&#8221; _builder_version=&#8221;4.24.2&#8243; _module_preset=&#8221;default&#8221; global_colors_info=&#8221;{}&#8221; admin_label=&#8221;Divider&#8221;][\/et_pb_divider][et_pb_text module_id=&#8221;duracionmodulo&#8221; _builder_version=&#8221;4.24.2&#8243; _module_preset=&#8221;default&#8221; text_font_size=&#8221;18px&#8221; header_4_font=&#8221;EB Garamond||||||||&#8221; header_4_font_size=&#8221;24px&#8221; hover_enabled=&#8221;0&#8243; global_colors_info=&#8221;{}&#8221; admin_label=&#8221;Duracion modulo&#8221; sticky_enabled=&#8221;0&#8243;]<\/p>\n<h4><span class=\"WdYUQQ text-decoration-none text-strikethrough-none\">\u00bfCu\u00e1nto dura un m\u00f3dulo?<\/span><\/h4>\n<p><span class=\"WdYUQQ text-decoration-none text-strikethrough-none\">Cada m\u00f3dulo tiene una duraci\u00f3n de 8 semanas especialmente concebida para que dispongas de tiempo suficiente para practicar y consolidar lo aprendido.<\/span><\/p>\n<p>[\/et_pb_text][et_pb_divider color=&#8221;#E0E9EB&#8221; _builder_version=&#8221;4.21.0&#8243; _module_preset=&#8221;default&#8221; global_colors_info=&#8221;{}&#8221;][\/et_pb_divider][et_pb_text module_id=&#8221;cuantosmodulos&#8221; _builder_version=&#8221;4.24.2&#8243; _module_preset=&#8221;default&#8221; text_font_size=&#8221;18px&#8221; header_4_font=&#8221;EB Garamond||||||||&#8221; header_4_font_size=&#8221;24px&#8221; hover_enabled=&#8221;0&#8243; global_colors_info=&#8221;{}&#8221; admin_label=&#8221;cuantos modulos&#8221; sticky_enabled=&#8221;0&#8243;]<\/p>\n<h4><span>\u00bfCu\u00e1ntos m\u00f3dulos de formaci\u00f3n hay en todo el programa?<\/span><\/h4>\n<p>Cada nivel del MCER se divide en m\u00f3dulos, y el programa completo de Francolingo se distribuye en 20 m\u00f3dulos, como sigue:<\/p>\n<ul>\n<li>A1: Nivel principiante o de descubrimiento, 4 m\u00f3dulos<\/li>\n<li>A2 : Nivel intermedio o de supervivencia, 4 m\u00f3dulos<\/li>\n<li>B1 : Nivel umbral, 6 m\u00f3dulos<\/li>\n<li>B2: Nivel avanzado o independiente, 6 m\u00f3dulos<\/li>\n<\/ul>\n<p>[\/et_pb_text][et_pb_divider color=&#8221;#E0E9EB&#8221; _builder_version=&#8221;4.21.0&#8243; _module_preset=&#8221;default&#8221; global_colors_info=&#8221;{}&#8221;][\/et_pb_divider][et_pb_text module_id=&#8221;vivo&#8221; _builder_version=&#8221;4.24.2&#8243; _module_preset=&#8221;default&#8221; text_font_size=&#8221;18px&#8221; header_4_font=&#8221;EB Garamond||||||||&#8221; header_4_font_size=&#8221;24px&#8221; hover_enabled=&#8221;0&#8243; global_colors_info=&#8221;{}&#8221; sticky_enabled=&#8221;0&#8243; admin_label=&#8221;vivo&#8221;]<\/p>\n<h4><span class=\"WdYUQQ text-decoration-none text-strikethrough-none\">\u00bfLas clases se imparten en vivo?<\/span><\/h4>\n<p>S\u00ed, todas las clases se imparten en directo a trav\u00e9s de la plataforma de comunicaci\u00f3n Zoom.<\/p>\n<p>[\/et_pb_text][et_pb_divider color=&#8221;#E0E9EB&#8221; _builder_version=&#8221;4.21.0&#8243; _module_preset=&#8221;default&#8221; global_colors_info=&#8221;{}&#8221;][\/et_pb_divider][et_pb_text module_id=&#8221;profnativo&#8221; _builder_version=&#8221;4.24.2&#8243; _module_preset=&#8221;default&#8221; text_font_size=&#8221;18px&#8221; header_4_font=&#8221;EB Garamond||||||||&#8221; header_4_font_size=&#8221;24px&#8221; hover_enabled=&#8221;0&#8243; global_colors_info=&#8221;{}&#8221; sticky_enabled=&#8221;0&#8243; admin_label=&#8221;nativo&#8221;]<\/p>\n<h4><span class=\"WdYUQQ text-decoration-none text-strikethrough-none\">\u00bfEl profesor es nativo?<\/span><\/h4>\n<p>S\u00ed, las clases las imparte un profesor de lengua materna.<\/p>\n<p>[\/et_pb_text][et_pb_divider color=&#8221;#E0E9EB&#8221; _builder_version=&#8221;4.21.0&#8243; _module_preset=&#8221;default&#8221; global_colors_info=&#8221;{}&#8221;][\/et_pb_divider][et_pb_text module_id=&#8221;numparticipantes&#8221; _builder_version=&#8221;4.24.2&#8243; _module_preset=&#8221;default&#8221; text_font_size=&#8221;18px&#8221; header_4_font=&#8221;EB Garamond||||||||&#8221; header_4_font_size=&#8221;24px&#8221; hover_enabled=&#8221;0&#8243; global_colors_info=&#8221;{}&#8221; sticky_enabled=&#8221;0&#8243; admin_label=&#8221;num max&#8221;]<\/p>\n<h4><span>\u00bfCu\u00e1l es el n\u00famero m\u00e1ximo de participantes?<\/span><\/h4>\n<p>Hay un m\u00e1ximo de 6 estudiantes por grupo, para que cada estudiante reciba atenci\u00f3n individual.<\/p>\n<p>[\/et_pb_text][et_pb_divider color=&#8221;#E0E9EB&#8221; _builder_version=&#8221;4.21.0&#8243; _module_preset=&#8221;default&#8221; global_colors_info=&#8221;{}&#8221;][\/et_pb_divider][et_pb_text module_id=&#8221;mcer&#8221; _builder_version=&#8221;4.24.2&#8243; _module_preset=&#8221;default&#8221; text_font_size=&#8221;18px&#8221; header_4_font=&#8221;EB Garamond||||||||&#8221; header_4_font_size=&#8221;24px&#8221; hover_enabled=&#8221;0&#8243; global_colors_info=&#8221;{}&#8221; sticky_enabled=&#8221;0&#8243; admin_label=&#8221;MCER&#8221;]<\/p>\n<h4><span>\u00bfQu\u00e9 es el MCER?<\/span><\/h4>\n<p>El Marco Com\u00fan Europeo de Referencia para las Lenguas &#8211; Aprendizaje, ense\u00f1anza y evaluaci\u00f3n, documento publicado por el Consejo de Europa en 2001, define los niveles de dominio de una lengua extranjera en funci\u00f3n de las competencias en distintas \u00e1reas.<\/p>\n<p>[\/et_pb_text][et_pb_divider color=&#8221;#E0E9EB&#8221; _builder_version=&#8221;4.21.0&#8243; _module_preset=&#8221;default&#8221; global_colors_info=&#8221;{}&#8221;][\/et_pb_divider][et_pb_text module_id=&#8221;delf&#8221; _builder_version=&#8221;4.24.2&#8243; _module_preset=&#8221;default&#8221; text_font_size=&#8221;18px&#8221; header_4_font=&#8221;EB Garamond||||||||&#8221; header_4_font_size=&#8221;24px&#8221; hover_enabled=&#8221;0&#8243; global_colors_info=&#8221;{}&#8221; sticky_enabled=&#8221;0&#8243; admin_label=&#8221;DELF&#8221;]<\/p>\n<h4><span>\u00bfQu\u00e9 es el DELF?<\/span><\/h4>\n<p>El objetivo final es certificar las competencias de los estudiantes prepar\u00e1ndoles para el DELF, un diploma reconocido en todo el mundo.<br \/>M\u00e1s informaci\u00f3n sobre el DELF <a href=\"https:\/\/www.france-education-international.fr\/diplome\/delf-tout-public?langue=fr\">https:\/\/www.france-education-international.fr\/diplome\/delf-tout-public?langue=fr<\/a>\u200b<\/p>\n<p>[\/et_pb_text][et_pb_divider color=&#8221;#E0E9EB&#8221; _builder_version=&#8221;4.21.0&#8243; _module_preset=&#8221;default&#8221; global_colors_info=&#8221;{}&#8221;][\/et_pb_divider][et_pb_text module_id=&#8221;edad&#8221; _builder_version=&#8221;4.24.2&#8243; _module_preset=&#8221;default&#8221; text_font_size=&#8221;18px&#8221; header_4_font=&#8221;EB Garamond||||||||&#8221; header_4_font_size=&#8221;24px&#8221; hover_enabled=&#8221;0&#8243; global_colors_info=&#8221;{}&#8221; sticky_enabled=&#8221;0&#8243; admin_label=&#8221;Edad&#8221;]<\/p>\n<h4><span>\u00bfA qu\u00e9 edad puedo matricularme?<\/span><\/h4>\n<p>Los cursos est\u00e1n dirigidos a estudiantes a partir de 13 a\u00f1os, pero un adulto debe autorizar la inscripci\u00f3n de menores.<\/p>\n<p>[\/et_pb_text][et_pb_divider color=&#8221;#E0E9EB&#8221; _builder_version=&#8221;4.21.0&#8243; _module_preset=&#8221;default&#8221; global_colors_info=&#8221;{}&#8221;][\/et_pb_divider][et_pb_text module_id=&#8221;competencias&#8221; _builder_version=&#8221;4.24.2&#8243; _module_preset=&#8221;default&#8221; text_font_size=&#8221;18px&#8221; header_4_font=&#8221;EB Garamond||||||||&#8221; header_4_font_size=&#8221;24px&#8221; hover_enabled=&#8221;0&#8243; global_colors_info=&#8221;{}&#8221; sticky_enabled=&#8221;0&#8243; admin_label=&#8221;competencias&#8221;]<\/p>\n<h4><span>\u00bfQu\u00e9 competencias adquirir\u00e9 durante el curso?<\/span><\/h4>\n<p>Los cursos tienen como objetivo desarrollar todos los aspectos de las competencias ling\u00fc\u00edsticas en franc\u00e9s: comprensi\u00f3n oral, comprensi\u00f3n escrita, expresi\u00f3n oral (continua o interactiva) y expresi\u00f3n escrita.<\/p>\n<p>[\/et_pb_text][et_pb_divider color=&#8221;#E0E9EB&#8221; _builder_version=&#8221;4.21.0&#8243; _module_preset=&#8221;default&#8221; global_colors_info=&#8221;{}&#8221;][\/et_pb_divider][et_pb_text module_id=&#8221;objetivo&#8221; _builder_version=&#8221;4.24.2&#8243; _module_preset=&#8221;default&#8221; text_font_size=&#8221;18px&#8221; header_4_font=&#8221;EB Garamond||||||||&#8221; header_4_font_size=&#8221;24px&#8221; hover_enabled=&#8221;0&#8243; global_colors_info=&#8221;{}&#8221; sticky_enabled=&#8221;0&#8243; admin_label=&#8221;objetivo&#8221;]<\/p>\n<h4><span>\u00bfCu\u00e1l es el objetivo principal del curso?<\/span><\/h4>\n<p>El objetivo principal del curso es facilitar la comunicaci\u00f3n y animar a los estudiantes a intercambiar ideas con sus interlocutores. A lo largo del curso, se invitar\u00e1 a los estudiantes a dar su punto de vista y a expresarse sobre una amplia gama de temas relacionados con el mundo franc\u00f3fono. Esta formaci\u00f3n les ayudar\u00e1 a reforzar los fundamentos de la lengua, practicados con su profesor de lengua materna y con otros estudiantes, y a adquirir un conocimiento de la cultura y de nociones importantes para sus objetivos profesionales o personales. Los estudiantes se centrar\u00e1n en la pr\u00e1ctica oral, mientras trabajan en la adquisici\u00f3n de vocabulario, reglas gramaticales y sintaxis. El objetivo \u00faltimo del curso es conducir al estudiante hacia la independencia. <\/p>\n<p>[\/et_pb_text][et_pb_divider color=&#8221;#E0E9EB&#8221; _builder_version=&#8221;4.21.0&#8243; _module_preset=&#8221;default&#8221; global_colors_info=&#8221;{}&#8221;][\/et_pb_divider][et_pb_text module_id=&#8221;requisitos&#8221; _builder_version=&#8221;4.24.2&#8243; _module_preset=&#8221;default&#8221; text_font_size=&#8221;18px&#8221; header_4_font=&#8221;EB Garamond||||||||&#8221; header_4_font_size=&#8221;24px&#8221; hover_enabled=&#8221;0&#8243; global_colors_info=&#8221;{}&#8221; admin_label=&#8221;Requisitos&#8221; sticky_enabled=&#8221;0&#8243;]<\/p>\n<h4><span>\u00bfHay requisitos para participar?<\/span><\/h4>\n<p>No se exige ning\u00fan nivel de conocimientos para el m\u00f3dulo 1. Sin embargo, para validar el acceso a los m\u00f3dulos posteriores, es necesario realizar una prueba de nivel, con el fin de garantizar que el nivel se adecua a los objetivos del estudiante. La prueba est\u00e1 disponible gratuitamente en <a href=\"https:\/\/francolingo.com\/en\/test-de-positionnement\/\">https:\/\/francolingo.com\/test-de-positionnement\/<\/a>, y la inscripci\u00f3n en un m\u00f3dulo depende de los resultados de la prueba.<\/p>\n<p>[\/et_pb_text][et_pb_divider color=&#8221;#E0E9EB&#8221; _builder_version=&#8221;4.21.0&#8243; _module_preset=&#8221;default&#8221; global_colors_info=&#8221;{}&#8221;][\/et_pb_divider][et_pb_text module_id=&#8221;evaluacionformativa&#8221; _builder_version=&#8221;4.24.2&#8243; _module_preset=&#8221;default&#8221; text_font_size=&#8221;18px&#8221; header_4_font=&#8221;EB Garamond||||||||&#8221; header_4_font_size=&#8221;24px&#8221; hover_enabled=&#8221;0&#8243; global_colors_info=&#8221;{}&#8221; admin_label=&#8221;eval form&#8221; sticky_enabled=&#8221;0&#8243;]<\/p>\n<h4><span>\u00bfC\u00f3mo se realiza la evaluaci\u00f3n formativa?<\/span><\/h4>\n<p>Cada m\u00f3dulo incluye una serie de actividades de producci\u00f3n oral dise\u00f1adas para evaluar el progreso del estudiante. Estas actividades se desarrollan en clase bajo la supervisi\u00f3n del profesor, que eval\u00faa el nivel de cada estudiante y puede sugerir el refuerzo de conocimientos si es necesario.<\/p>\n<p>[\/et_pb_text][et_pb_divider color=&#8221;#E0E9EB&#8221; _builder_version=&#8221;4.21.0&#8243; _module_preset=&#8221;default&#8221; global_colors_info=&#8221;{}&#8221;][\/et_pb_divider][et_pb_text module_id=&#8221;evaluacionfinal&#8221; _builder_version=&#8221;4.24.2&#8243; _module_preset=&#8221;default&#8221; text_font_size=&#8221;18px&#8221; header_4_font=&#8221;EB Garamond||||||||&#8221; header_4_font_size=&#8221;24px&#8221; hover_enabled=&#8221;0&#8243; global_colors_info=&#8221;{}&#8221; admin_label=&#8221;eval final&#8221; sticky_enabled=&#8221;0&#8243;]<\/p>\n<h4><span>\u00bfC\u00f3mo se realiza la evaluaci\u00f3n final?<\/span><\/h4>\n<p>Para validar un m\u00f3dulo es obligatorio realizar un examen de comprensi\u00f3n oral y escrita de tipo DELF. Se trata de un cuestionario destinado a evaluar los conocimientos adquiridos durante el curso y que s\u00f3lo podr\u00e1 realizarse una vez. La puntuaci\u00f3n registrada ser\u00e1 definitiva y se utilizar\u00e1 para controlar el progreso del estudiante durante el curso.<\/p>\n<p>[\/et_pb_text][et_pb_divider color=&#8221;#E0E9EB&#8221; _builder_version=&#8221;4.21.0&#8243; _module_preset=&#8221;default&#8221; global_colors_info=&#8221;{}&#8221;][\/et_pb_divider][et_pb_text module_id=&#8221;horarios&#8221; _builder_version=&#8221;4.24.2&#8243; _module_preset=&#8221;default&#8221; text_font_size=&#8221;18px&#8221; header_4_font=&#8221;EB Garamond||||||||&#8221; header_4_font_size=&#8221;24px&#8221; hover_enabled=&#8221;0&#8243; global_colors_info=&#8221;{}&#8221; admin_label=&#8221;horarios&#8221; sticky_enabled=&#8221;0&#8243;]<\/p>\n<h4><span>\u00bfSon fijos los horarios de las clases?<\/span><\/h4>\n<p>Las clases tienen un horario espec\u00edfico determinado al principio del m\u00f3dulo y no se recuperan. El estudiante debe presentarse puntualmente a la clase; cualquier retraso o inasistencia a una sesi\u00f3n no se recuperar\u00e1. No obstante, despu\u00e9s de cada sesi\u00f3n se pondr\u00e1 a disposici\u00f3n del estudiante una grabaci\u00f3n de la clase para que pueda repasar los contenidos tratados.<\/p>\n<p>[\/et_pb_text][et_pb_divider color=&#8221;#E0E9EB&#8221; _builder_version=&#8221;4.21.0&#8243; _module_preset=&#8221;default&#8221; global_colors_info=&#8221;{}&#8221;][\/et_pb_divider][et_pb_text module_id=&#8221;equipo&#8221; _builder_version=&#8221;4.24.2&#8243; _module_preset=&#8221;default&#8221; text_font_size=&#8221;18px&#8221; header_4_font=&#8221;EB Garamond||||||||&#8221; header_4_font_size=&#8221;24px&#8221; hover_enabled=&#8221;0&#8243; global_colors_info=&#8221;{}&#8221; admin_label=&#8221;equipos&#8221; sticky_enabled=&#8221;0&#8243;]<\/p>\n<h4><span>\u00bfQu\u00e9 equipo necesito para impartir la clase?<\/span><\/h4>\n<p>Con respecto al aspecto t\u00e9cnico del curso (que se desarrolla a distancia), es responsabilidad del estudiante comprobar que el sistema de v\u00eddeo y el micr\u00f3fono funcionan correctamente, as\u00ed como la calidad de su conexi\u00f3n a Internet, con el fin de garantizar una comunicaci\u00f3n \u00f3ptima con el profesor y los dem\u00e1s estudiantes durante el curso.<\/p>\n<p>[\/et_pb_text][\/et_pb_column][\/et_pb_row][\/et_pb_section]<\/p>","protected":false},"excerpt":{"rendered":"<p>\u00bfQu\u00e9 niveles se ofrecen? \u00bfCu\u00e1nto duran las clases en l\u00ednea? \u00bfCu\u00e1nto dura un m\u00f3dulo? \u00bfCu\u00e1ntos m\u00f3dulos de formaci\u00f3n hay en todo el programa? \u00bfLas clases se imparten en vivo? \u00bfEl profesor es nativo? \u00bfCu\u00e1l es el n\u00famero m\u00e1ximo de participantes? \u00bfQu\u00e9 es el MCER? \u00bfQu\u00e9 es el DELF? \u00bfA qu\u00e9 edad puedo matricularme? \u00bfQu\u00e9 competencias [&hellip;]<\/p>","protected":false},"author":1,"featured_media":0,"parent":0,"menu_order":0,"comment_status":"closed","ping_status":"closed","template":"","meta":{"_et_pb_use_builder":"on","_et_pb_old_content":"<!-- wp:divi\/placeholder \/-->","_et_gb_content_width":"","om_disable_all_campaigns":false,"_monsterinsights_skip_tracking":false,"_monsterinsights_sitenote_active":false,"_monsterinsights_sitenote_note":"","_monsterinsights_sitenote_category":0,"footnotes":""},"class_list":["post-3711","page","type-page","status-publish","hentry"],"aioseo_notices":[],"_links":{"self":[{"href":"https:\/\/francolingo.com\/en\/wp-json\/wp\/v2\/pages\/3711","targetHints":{"allow":["GET"]}}],"collection":[{"href":"https:\/\/francolingo.com\/en\/wp-json\/wp\/v2\/pages"}],"about":[{"href":"https:\/\/francolingo.com\/en\/wp-json\/wp\/v2\/types\/page"}],"author":[{"embeddable":true,"href":"https:\/\/francolingo.com\/en\/wp-json\/wp\/v2\/users\/1"}],"replies":[{"embeddable":true,"href":"https:\/\/francolingo.com\/en\/wp-json\/wp\/v2\/comments?post=3711"}],"version-history":[{"count":16,"href":"https:\/\/francolingo.com\/en\/wp-json\/wp\/v2\/pages\/3711\/revisions"}],"predecessor-version":[{"id":5870,"href":"https:\/\/francolingo.com\/en\/wp-json\/wp\/v2\/pages\/3711\/revisions\/5870"}],"wp:attachment":[{"href":"https:\/\/francolingo.com\/en\/wp-json\/wp\/v2\/media?parent=3711"}],"curies":[{"name":"wp","href":"https:\/\/api.w.org\/{rel}","templated":true}]}}