{"id":1924,"date":"2023-04-06T12:23:57","date_gmt":"2023-04-06T18:23:57","guid":{"rendered":"https:\/\/francolingo.com\/?page_id=1924"},"modified":"2023-12-18T15:11:24","modified_gmt":"2023-12-18T21:11:24","slug":"politica-de-privacidad","status":"publish","type":"page","link":"https:\/\/francolingo.com\/en\/politica-de-privacidad\/","title":{"rendered":"Privacy Policy"},"content":{"rendered":"[et_pb_section fb_built=&#8221;1&#8243; custom_padding_last_edited=&#8221;on|desktop&#8221; admin_label=&#8221;Header&#8221; _builder_version=&#8221;4.20.1&#8243; background_enable_image=&#8221;off&#8221; background_size=&#8221;contain&#8221; background_position=&#8221;top_right&#8221; custom_padding=&#8221;110px||||false|false&#8221; custom_padding_tablet=&#8221;140px|0px|50px|0px|false|false&#8221; custom_padding_phone=&#8221;120px|||&#8221; da_disable_devices=&#8221;off|off|off&#8221; global_colors_info=&#8221;{}&#8221; da_is_popup=&#8221;off&#8221; da_exit_intent=&#8221;off&#8221; da_has_close=&#8221;on&#8221; da_alt_close=&#8221;off&#8221; da_dark_close=&#8221;off&#8221; da_not_modal=&#8221;on&#8221; da_is_singular=&#8221;off&#8221; da_with_loader=&#8221;off&#8221; da_has_shadow=&#8221;on&#8221;][et_pb_row _builder_version=&#8221;4.16&#8243; max_width=&#8221;1280px&#8221; use_custom_width=&#8221;on&#8221; custom_width_px=&#8221;1280px&#8221; global_colors_info=&#8221;{}&#8221;][et_pb_column type=&#8221;4_4&#8243; _builder_version=&#8221;4.16&#8243; custom_padding=&#8221;|||&#8221; global_colors_info=&#8221;{}&#8221; custom_padding__hover=&#8221;|||&#8221;][et_pb_text _builder_version=&#8221;4.22.2&#8243; text_font=&#8221;EB Garamond|700|||||||&#8221; text_text_color=&#8221;rgba(0,0,0,0.02)&#8221; text_font_size=&#8221;80px&#8221; text_line_height=&#8221;0em&#8221; header_font=&#8221;||||||||&#8221; header_font_size=&#8221;60px&#8221; header_2_font=&#8221;EB Garamond||||||||&#8221; header_2_font_size=&#8221;50px&#8221; header_2_line_height=&#8221;1.3em&#8221; text_orientation=&#8221;center&#8221; text_font_size_tablet=&#8221;50px&#8221; text_font_size_phone=&#8221;30px&#8221; text_font_size_last_edited=&#8221;on|desktop&#8221; header_2_font_size_tablet=&#8221;40px&#8221; header_2_font_size_phone=&#8221;30px&#8221; header_2_font_size_last_edited=&#8221;on|phone&#8221; global_colors_info=&#8221;{}&#8221;]<h1 class=\"elementor-heading-title elementor-size-default\">Pol\u00edtica de privacidad &amp; cookies<\/h1>[\/et_pb_text][et_pb_text _builder_version=&#8221;4.22.2&#8243; _module_preset=&#8221;default&#8221; text_font_size=&#8221;16px&#8221; text_orientation=&#8221;center&#8221; global_colors_info=&#8221;{}&#8221;]<p><span>La versi\u00f3n francesa de este documento rige nuestra relaci\u00f3n. Esta pol\u00edtica de privacidad ha sido traducida del franc\u00e9s utilizando el traductor <\/span><a href=\"https:\/\/www.deepl.com\/translator\">Deepl<\/a><span>. Estas traducciones se facilitan a t\u00edtulo informativo y no tienen valor jur\u00eddico. Es posible que se hayan producido algunos errores de traducci\u00f3n. La versi\u00f3n francesa de este documento prevalece y las versiones espa\u00f1ola e inglesa no lo modifican en modo alguno. La versi\u00f3n francesa est\u00e1 disponible en la p\u00e1gina <\/span><a href=\"https:\/\/francolingo.com\/en\/politique-de-confidentialite-et-cookies\/\">politique de confidentialit\u00e9 &amp; cookies<span>.<\/span><\/a><\/p>[\/et_pb_text][\/et_pb_column][\/et_pb_row][\/et_pb_section]","protected":false},"excerpt":{"rendered":"<p>Pol\u00edtica de privacidad &amp; cookiesLa versi\u00f3n francesa de este documento rige nuestra relaci\u00f3n. Esta pol\u00edtica de privacidad ha sido traducida del franc\u00e9s utilizando el traductor Deepl. Estas traducciones se facilitan a t\u00edtulo informativo y no tienen valor jur\u00eddico. Es posible que se hayan producido algunos errores de traducci\u00f3n. La versi\u00f3n francesa de este documento prevalece [&hellip;]<\/p>","protected":false},"author":1,"featured_media":0,"parent":0,"menu_order":0,"comment_status":"closed","ping_status":"closed","template":"","meta":{"_et_pb_use_builder":"on","_et_pb_old_content":"<!-- wp:divi\/placeholder \/-->","_et_gb_content_width":"","om_disable_all_campaigns":false,"_monsterinsights_skip_tracking":false,"_monsterinsights_sitenote_active":false,"_monsterinsights_sitenote_note":"","_monsterinsights_sitenote_category":0,"footnotes":""},"class_list":["post-1924","page","type-page","status-publish","hentry"],"aioseo_notices":[],"_links":{"self":[{"href":"https:\/\/francolingo.com\/en\/wp-json\/wp\/v2\/pages\/1924","targetHints":{"allow":["GET"]}}],"collection":[{"href":"https:\/\/francolingo.com\/en\/wp-json\/wp\/v2\/pages"}],"about":[{"href":"https:\/\/francolingo.com\/en\/wp-json\/wp\/v2\/types\/page"}],"author":[{"embeddable":true,"href":"https:\/\/francolingo.com\/en\/wp-json\/wp\/v2\/users\/1"}],"replies":[{"embeddable":true,"href":"https:\/\/francolingo.com\/en\/wp-json\/wp\/v2\/comments?post=1924"}],"version-history":[{"count":11,"href":"https:\/\/francolingo.com\/en\/wp-json\/wp\/v2\/pages\/1924\/revisions"}],"predecessor-version":[{"id":5620,"href":"https:\/\/francolingo.com\/en\/wp-json\/wp\/v2\/pages\/1924\/revisions\/5620"}],"wp:attachment":[{"href":"https:\/\/francolingo.com\/en\/wp-json\/wp\/v2\/media?parent=1924"}],"curies":[{"name":"wp","href":"https:\/\/api.w.org\/{rel}","templated":true}]}}